{"id":78,"date":"2023-09-08T20:19:21","date_gmt":"2023-09-08T20:19:21","guid":{"rendered":"http:\/\/localhost:8086\/?page_id=78"},"modified":"2023-10-06T01:11:50","modified_gmt":"2023-10-06T01:11:50","slug":"productos","status":"publish","type":"page","link":"https:\/\/amyr.lab-cdcc.com\/?page_id=78","title":{"rendered":"Productos"},"content":{"rendered":"\n<p><\/p>\n\n\n\n<br>\n<div class=\"row\">\n      <div class=\"col-md-2\">\n        <img decoding=\"async\" src=\".\/wp-content\/uploads\/amyr-images\/sys-analisis.png\" alt=\"\" class=\"img-fluid\">\n      <\/div>\n      <div class=\"col-md-10\">\n        <p class=\"text-muted\" style=\"text-align: justify;\">\n          Este sistema realiza el seguimiento de diversos estudios de an\u00e1lisis cl\u00ednicos, tales como citolog\u00eda, biopsia, inmunohistoqu\u00edmica y biolog\u00eda molecular, desde la recepci\u00f3n hasta la entrega final al cliente. Adem\u00e1s, mantiene un historial de an\u00e1lisis por cliente, permite la asignaci\u00f3n de doctores y el registro de datos de los an\u00e1lisis por parte del personal. El sistema cuenta con 3 tipos de usuarios: doctor, t\u00e9cnico, secretaria e invitado, y ofrece varios informes, siendo los m\u00e1s importantes los relacionados con los cobros diarios, el reporte de an\u00e1lisis entregados, el reporte semanal y el reporte de diagn\u00f3sticos.\n        <\/p>\n        <span class=\"badge bg-info text-dark\">An\u00e1lisis<\/span>\n        <span class=\"badge bg-success text-dark\">Laboratorio<\/span>\n        <span class=\"badge bg-info text-dark\">Medicina<\/span>\n        <span class=\"badge bg-warning text-dark\">Reportes<\/span>\n      <\/div>\n    <\/div>\n    <hr>\n    <div class=\"row\">\n      <div class=\"col-md-2\">\n        <img decoding=\"async\" src=\".\/wp-content\/uploads\/amyr-images\/inventory.png\" alt=\"\" class=\"img-fluid\">\n      <\/div>\n      <div class=\"col-md-10\">\n        <p class=\"text-muted\" style=\"text-align: justify;\">\n          Este sistema web est\u00e1 orientado al control de un inventario principal y a la asignaci\u00f3n de productos a distintos puntos de venta. Cada punto de venta tiene el control de su propio inventario. El inventario principal ofrece la opci\u00f3n de realizar compras de productos, dar de baja productos y crear puntos de venta. A su vez, cada punto de venta puede llevar a cabo ventas, devoluciones de productos al inventario principal y registrar gastos por parte de los vendedores. Entre los reportes m\u00e1s importantes se incluyen las ventas por producto, los gastos de usuarios, los productos con escasez y las devoluciones de tiendas.\n        <\/p>\n        <span class=\"badge bg-success text-dark\">Control<\/span>\n        <span class=\"badge bg-info text-dark\">Inventario<\/span>\n        <span class=\"badge bg-info text-dark\">Puntos de venta<\/span>\n        <span class=\"badge bg-warning text-dark\">Reportes<\/span>\n      <\/div>\n    <\/div>\n    <hr>\n    <div class=\"row\">\n      <div class=\"col-md-2\">\n        <img decoding=\"async\" src=\".\/wp-content\/uploads\/amyr-images\/arc-siat.png\" alt=\"\" class=\"img-fluid\">\n      <\/div>\n      <div class=\"col-md-10\">\n        <p class=\"text-muted\" style=\"text-align: justify;\">\n          Este producto se integra con el sistema de facturaci\u00f3n en l\u00ednea de Impuestos Internos y genera facturas al instante, cumpliendo con los requisitos establecidos por dicha entidad. Se trata de un sistema web multiusuario que permite la creaci\u00f3n de productos, facturaci\u00f3n, anulaci\u00f3n de facturas y el manejo de eventos de contingencia, entre otras funcionalidades.\n        <\/p>\n        <span class=\"badge bg-primary text-dark\">Impuestos nacionales<\/span>\n        <span class=\"badge bg-success text-dark\">SIAT<\/span>\n        <span class=\"badge bg-warning text-dark\">Reportes<\/span>\n        <span class=\"badge bg-info text-dark\">Facturas<\/span>\n      <\/div>\n    <\/div>\n    <hr>\n    <div class=\"row\">\n      <div class=\"col-md-2\">\n        <img decoding=\"async\" src=\".\/wp-content\/uploads\/amyr-images\/sys-personal.png\" alt=\"\" class=\"img-fluid\">\n      <\/div>\n      <div class=\"col-md-10\">\n        <p class=\"text-muted\" style=\"text-align: justify;\">\n          <b>(en desarrollo)<\/b> Sistema web que realizar\u00e1 el seguimiento de la planilla de sueldos, el c\u00e1lculo de pagos a cajas de salud, la gestora p\u00fablica de seguridad social, el registro de altas y bajas en cajas de salud y la gestora p\u00fablica, la liquidaci\u00f3n de personal y el c\u00e1lculo de quinquenios y a\u00f1os de antig\u00fcedad.\n        <\/p>\n        <span class=\"badge bg-primary text-dark\">Planillas<\/span>\n        <span class=\"badge bg-success text-dark\">Control<\/span>\n        <span class=\"badge bg-warning text-dark\">Personal<\/span>\n        <span class=\"badge bg-info text-dark\">Facturas<\/span>\n      <\/div>\n    <\/div>\n    <hr>\n","protected":false},"excerpt":{"rendered":"<p>Este sistema realiza el seguimiento de diversos estudios de an\u00e1lisis cl\u00ednicos, tales como citolog\u00eda, biopsia, inmunohistoqu\u00edmica y biolog\u00eda molecular, desde la recepci\u00f3n hasta la entrega final al cliente. Adem\u00e1s, mantiene un historial de an\u00e1lisis por cliente, permite la asignaci\u00f3n de doctores y el registro de datos de los an\u00e1lisis por parte del personal. El sistema [&hellip;]<\/p>\n","protected":false},"author":1,"featured_media":0,"parent":0,"menu_order":0,"comment_status":"closed","ping_status":"closed","template":"template-fullwidth.php","meta":{"footnotes":""},"class_list":["post-78","page","type-page","status-publish","hentry"],"_links":{"self":[{"href":"https:\/\/amyr.lab-cdcc.com\/index.php?rest_route=\/wp\/v2\/pages\/78","targetHints":{"allow":["GET"]}}],"collection":[{"href":"https:\/\/amyr.lab-cdcc.com\/index.php?rest_route=\/wp\/v2\/pages"}],"about":[{"href":"https:\/\/amyr.lab-cdcc.com\/index.php?rest_route=\/wp\/v2\/types\/page"}],"author":[{"embeddable":true,"href":"https:\/\/amyr.lab-cdcc.com\/index.php?rest_route=\/wp\/v2\/users\/1"}],"replies":[{"embeddable":true,"href":"https:\/\/amyr.lab-cdcc.com\/index.php?rest_route=%2Fwp%2Fv2%2Fcomments&post=78"}],"version-history":[{"count":15,"href":"https:\/\/amyr.lab-cdcc.com\/index.php?rest_route=\/wp\/v2\/pages\/78\/revisions"}],"predecessor-version":[{"id":109,"href":"https:\/\/amyr.lab-cdcc.com\/index.php?rest_route=\/wp\/v2\/pages\/78\/revisions\/109"}],"wp:attachment":[{"href":"https:\/\/amyr.lab-cdcc.com\/index.php?rest_route=%2Fwp%2Fv2%2Fmedia&parent=78"}],"curies":[{"name":"wp","href":"https:\/\/api.w.org\/{rel}","templated":true}]}}